{"id":85,"date":"2025-09-23T10:05:10","date_gmt":"2025-09-23T13:05:10","guid":{"rendered":"https:\/\/glprimecost.com.br\/?page_id=85"},"modified":"2025-10-15T13:52:06","modified_gmt":"2025-10-15T16:52:06","slug":"certificado-digital","status":"publish","type":"page","link":"https:\/\/glprimecost.com.br\/?page_id=85","title":{"rendered":"Certificado Digital"},"content":{"rendered":"\t\t<div data-elementor-type=\"wp-page\" data-elementor-id=\"85\" class=\"elementor elementor-85\" data-elementor-post-type=\"page\">\n\t\t\t\t<div class=\"elementor-element elementor-element-4959535 e-flex e-con-boxed e-con e-parent\" data-id=\"4959535\" data-element_type=\"container\">\n\t\t\t\t\t<div class=\"e-con-inner\">\n\t\t<div class=\"elementor-element elementor-element-0154feb e-con-full e-flex e-con e-child\" data-id=\"0154feb\" data-element_type=\"container\">\n\t\t\t\t<div class=\"elementor-element elementor-element-843a0b6 elementor-widget elementor-widget-image\" data-id=\"843a0b6\" data-element_type=\"widget\" data-widget_type=\"image.default\">\n\t\t\t\t\t\t\t\t\t\t\t\t\t\t\t<img fetchpriority=\"high\" decoding=\"async\" width=\"800\" height=\"532\" src=\"https:\/\/glprimecost.com.br\/wp-content\/uploads\/2025\/10\/imagem_2025-10-05_235334945.png\" class=\"attachment-large size-large wp-image-304\" alt=\"\" srcset=\"https:\/\/glprimecost.com.br\/wp-content\/uploads\/2025\/10\/imagem_2025-10-05_235334945.png 1024w, https:\/\/glprimecost.com.br\/wp-content\/uploads\/2025\/10\/imagem_2025-10-05_235334945-300x200.png 300w, https:\/\/glprimecost.com.br\/wp-content\/uploads\/2025\/10\/imagem_2025-10-05_235334945-768x511.png 768w, https:\/\/glprimecost.com.br\/wp-content\/uploads\/2025\/10\/imagem_2025-10-05_235334945-600x399.png 600w\" sizes=\"(max-width: 800px) 100vw, 800px\" \/>\t\t\t\t\t\t\t\t\t\t\t\t\t\t\t<\/div>\n\t\t\t\t<\/div>\n\t\t<div class=\"elementor-element elementor-element-05932a9 e-con-full e-flex e-con e-child\" data-id=\"05932a9\" data-element_type=\"container\">\n\t\t\t\t<div class=\"elementor-element elementor-element-31c1738 elementor-widget elementor-widget-heading\" data-id=\"31c1738\" data-element_type=\"widget\" data-widget_type=\"heading.default\">\n\t\t\t\t\t<h3 class=\"elementor-heading-title elementor-size-default\">CERTIFICADO DIGITAL <\/h3>\t\t\t\t<\/div>\n\t\t\t\t<div class=\"elementor-element elementor-element-eec9949 elementor-widget elementor-widget-text-editor\" data-id=\"eec9949\" data-element_type=\"widget\" data-widget_type=\"text-editor.default\">\n\t\t\t\t\t\t\t\t\t<p>O certificado digital \u00e9 necess\u00e1rio comprovar a identidade de uma pessoa (e-CPF) ou empresa no ambiente virtual, conferindo validade jur\u00eddica (e-CNPJ) a opera\u00e7\u00f5es realizadas online.<\/p><p>Atrav\u00e9s do certificado ser\u00e1 poss\u00edvel o tr\u00e2mite de documentos, comercialmente de forma segura das informa\u00e7\u00f5es, garantindo a autenticidade, a integridade e a confidencialidade das mensagens, tamb\u00e9m viabiliza o acesso a servi\u00e7os restritos do governo e a emiss\u00e3o da assinatura digital de documentos no ambiente da internet.<\/p>\t\t\t\t\t\t\t\t<\/div>\n\t\t\t\t<\/div>\n\t\t\t\t\t<\/div>\n\t\t\t\t<\/div>\n\t\t<div class=\"elementor-element elementor-element-92a20b7 e-flex e-con-boxed e-con e-parent\" data-id=\"92a20b7\" data-element_type=\"container\">\n\t\t\t\t\t<div class=\"e-con-inner\">\n\t\t<div class=\"elementor-element elementor-element-ab788fa e-con-full e-flex e-con e-child\" data-id=\"ab788fa\" data-element_type=\"container\">\n\t\t\t\t<div class=\"elementor-element elementor-element-5ab5b72 elementor-widget elementor-widget-image\" data-id=\"5ab5b72\" data-element_type=\"widget\" data-widget_type=\"image.default\">\n\t\t\t\t\t\t\t\t\t\t\t\t\t\t\t<img decoding=\"async\" width=\"800\" height=\"500\" src=\"https:\/\/glprimecost.com.br\/wp-content\/uploads\/2025\/10\/Novo-Projeto-1-1024x640.png\" class=\"attachment-large size-large wp-image-425\" alt=\"\" srcset=\"https:\/\/glprimecost.com.br\/wp-content\/uploads\/2025\/10\/Novo-Projeto-1-1024x640.png 1024w, https:\/\/glprimecost.com.br\/wp-content\/uploads\/2025\/10\/Novo-Projeto-1-300x187.png 300w, https:\/\/glprimecost.com.br\/wp-content\/uploads\/2025\/10\/Novo-Projeto-1-768x480.png 768w, https:\/\/glprimecost.com.br\/wp-content\/uploads\/2025\/10\/Novo-Projeto-1-600x375.png 600w, https:\/\/glprimecost.com.br\/wp-content\/uploads\/2025\/10\/Novo-Projeto-1.png 1289w\" sizes=\"(max-width: 800px) 100vw, 800px\" \/>\t\t\t\t\t\t\t\t\t\t\t\t\t\t\t<\/div>\n\t\t\t\t<\/div>\n\t\t<div class=\"elementor-element elementor-element-c7fd61f e-con-full e-flex e-con e-child\" data-id=\"c7fd61f\" data-element_type=\"container\">\n\t\t\t\t<div class=\"elementor-element elementor-element-39e5428 elementor-widget elementor-widget-text-editor\" data-id=\"39e5428\" data-element_type=\"widget\" data-widget_type=\"text-editor.default\">\n\t\t\t\t\t\t\t\t\t<p>O Certificado Digital A3 \u00e9 um tipo espec\u00edfico de identidade eletr\u00f4nica que requer armazenamento em um dispositivo f\u00edsico, como um token ou cart\u00e3o. Ao contr\u00e1rio do Certificado Digital A1, que \u00e9 um arquivo instalado diretamente no computador, o A3 precisa ser armazenado em um dispositivo externo para ser utilizado.<\/p><p>Quando voc\u00ea possui um Certificado Digital A3, precisa inserir o dispositivo (token ou cart\u00e3o) em que ele est\u00e1 armazenado em seu computador sempre que precisar us\u00e1-lo. Isso significa que o Certificado Digital A3 s\u00f3 pode ser utilizado em um \u00fanico equipamento de cada vez.<\/p><p>Al\u00e9m disso, toda vez que voc\u00ea utiliza o Certificado Digital A3, precisa informar uma senha de acesso. Essa senha \u00e9 necess\u00e1ria para garantir a seguran\u00e7a das suas transa\u00e7\u00f5es online. Por\u00e9m, ao contr\u00e1rio do Certificado Digital A1, onde a senha \u00e9 solicitada apenas uma vez no momento da instala\u00e7\u00e3o, no A3 voc\u00ea precisa digitar a senha todos os dias e sempre que for utilizar o certificado em outro equipamento.<\/p>\t\t\t\t\t\t\t\t<\/div>\n\t\t\t\t<\/div>\n\t\t\t\t\t<\/div>\n\t\t\t\t<\/div>\n\t\t\t\t<\/div>\n\t\t","protected":false},"excerpt":{"rendered":"<p>CERTIFICADO DIGITAL O certificado digital \u00e9 necess\u00e1rio comprovar a identidade de uma pessoa (e-CPF) ou empresa no ambiente virtual, conferindo validade jur\u00eddica (e-CNPJ) a opera\u00e7\u00f5es realizadas online. Atrav\u00e9s do certificado ser\u00e1 poss\u00edvel o tr\u00e2mite de documentos, comercialmente de forma segura das informa\u00e7\u00f5es, garantindo a autenticidade, a integridade e a confidencialidade das mensagens, tamb\u00e9m viabiliza o [&hellip;]<\/p>\n","protected":false},"author":1,"featured_media":0,"parent":0,"menu_order":0,"comment_status":"closed","ping_status":"closed","template":"elementor_header_footer","meta":{"footnotes":""},"class_list":["post-85","page","type-page","status-publish","hentry"],"_links":{"self":[{"href":"https:\/\/glprimecost.com.br\/index.php?rest_route=\/wp\/v2\/pages\/85","targetHints":{"allow":["GET"]}}],"collection":[{"href":"https:\/\/glprimecost.com.br\/index.php?rest_route=\/wp\/v2\/pages"}],"about":[{"href":"https:\/\/glprimecost.com.br\/index.php?rest_route=\/wp\/v2\/types\/page"}],"author":[{"embeddable":true,"href":"https:\/\/glprimecost.com.br\/index.php?rest_route=\/wp\/v2\/users\/1"}],"replies":[{"embeddable":true,"href":"https:\/\/glprimecost.com.br\/index.php?rest_route=%2Fwp%2Fv2%2Fcomments&post=85"}],"version-history":[{"count":13,"href":"https:\/\/glprimecost.com.br\/index.php?rest_route=\/wp\/v2\/pages\/85\/revisions"}],"predecessor-version":[{"id":628,"href":"https:\/\/glprimecost.com.br\/index.php?rest_route=\/wp\/v2\/pages\/85\/revisions\/628"}],"wp:attachment":[{"href":"https:\/\/glprimecost.com.br\/index.php?rest_route=%2Fwp%2Fv2%2Fmedia&parent=85"}],"curies":[{"name":"wp","href":"https:\/\/api.w.org\/{rel}","templated":true}]}}