{"id":49,"date":"2025-09-21T20:00:05","date_gmt":"2025-09-21T23:00:05","guid":{"rendered":"https:\/\/glprimecost.com.br\/?page_id=49"},"modified":"2025-10-15T15:28:56","modified_gmt":"2025-10-15T18:28:56","slug":"certidoes","status":"publish","type":"page","link":"https:\/\/glprimecost.com.br\/?page_id=49","title":{"rendered":"Certid\u00f5es"},"content":{"rendered":"\t\t<div data-elementor-type=\"wp-page\" data-elementor-id=\"49\" class=\"elementor elementor-49\" data-elementor-post-type=\"page\">\n\t\t\t\t<div class=\"elementor-element elementor-element-5b28e3e e-flex e-con-boxed e-con e-parent\" data-id=\"5b28e3e\" data-element_type=\"container\">\n\t\t\t\t\t<div class=\"e-con-inner\">\n\t\t<div class=\"elementor-element elementor-element-e245116 e-con-full e-flex e-con e-child\" data-id=\"e245116\" data-element_type=\"container\">\n\t\t\t\t<div class=\"elementor-element elementor-element-e915878 elementor-widget elementor-widget-image\" data-id=\"e915878\" data-element_type=\"widget\" data-widget_type=\"image.default\">\n\t\t\t\t\t\t\t\t\t\t\t\t\t\t\t<img fetchpriority=\"high\" decoding=\"async\" width=\"800\" height=\"696\" src=\"https:\/\/glprimecost.com.br\/wp-content\/uploads\/2025\/10\/atendente-1024x891.png\" class=\"attachment-large size-large wp-image-589\" alt=\"\" srcset=\"https:\/\/glprimecost.com.br\/wp-content\/uploads\/2025\/10\/atendente-1024x891.png 1024w, https:\/\/glprimecost.com.br\/wp-content\/uploads\/2025\/10\/atendente-300x261.png 300w, https:\/\/glprimecost.com.br\/wp-content\/uploads\/2025\/10\/atendente-768x668.png 768w, https:\/\/glprimecost.com.br\/wp-content\/uploads\/2025\/10\/atendente-600x522.png 600w, https:\/\/glprimecost.com.br\/wp-content\/uploads\/2025\/10\/atendente.png 1070w\" sizes=\"(max-width: 800px) 100vw, 800px\" \/>\t\t\t\t\t\t\t\t\t\t\t\t\t\t\t<\/div>\n\t\t\t\t<\/div>\n\t\t<div class=\"elementor-element elementor-element-e80894a e-con-full e-flex e-con e-child\" data-id=\"e80894a\" data-element_type=\"container\">\n\t\t\t\t<div class=\"elementor-element elementor-element-863590c elementor-widget elementor-widget-heading\" data-id=\"863590c\" data-element_type=\"widget\" data-widget_type=\"heading.default\">\n\t\t\t\t\t<h4 class=\"elementor-heading-title elementor-size-default\">EMISS\u00c3O DE CERTID\u00d5ES<\/h4>\t\t\t\t<\/div>\n\t\t\t\t<div class=\"elementor-element elementor-element-2beac27 elementor-widget elementor-widget-text-editor\" data-id=\"2beac27\" data-element_type=\"widget\" data-widget_type=\"text-editor.default\">\n\t\t\t\t\t\t\t\t\t<p>Na \u00e1rea de contabilidade, certid\u00f5es s\u00e3o documentos importantes, os mais comuns e frequentemente solicitados por empresas e pessoas f\u00edsicas s\u00e3o as chamadas Certid\u00f5es Negativas de D\u00e9bito (CNDs) ou documentos de comprova\u00e7\u00e3o de regularidade fiscal e obrigatoriedade.<\/p><p>Atestam que a pessoa f\u00edsica ou jur\u00eddica est\u00e1 em dia com suas obriga\u00e7\u00f5es perante diversos \u00f3rg\u00e3os governamentais (federais, estaduais e municipais)<\/p><p>\u00a0<\/p>\t\t\t\t\t\t\t\t<\/div>\n\t\t\t\t<\/div>\n\t\t\t\t\t<\/div>\n\t\t\t\t<\/div>\n\t\t<div class=\"elementor-element elementor-element-ac769fc e-flex e-con-boxed e-con e-parent\" data-id=\"ac769fc\" data-element_type=\"container\" data-settings=\"{&quot;background_background&quot;:&quot;gradient&quot;}\">\n\t\t\t\t\t<div class=\"e-con-inner\">\n\t\t\t\t<div class=\"elementor-element elementor-element-f3a87f2 elementor-widget elementor-widget-heading\" data-id=\"f3a87f2\" data-element_type=\"widget\" data-widget_type=\"heading.default\">\n\t\t\t\t\t<h2 class=\"elementor-heading-title elementor-size-default\">Conhe\u00e7a os tipos de certid\u00f5es\n<\/h2>\t\t\t\t<\/div>\n\t\t\t\t\t<\/div>\n\t\t\t\t<\/div>\n\t\t<div class=\"elementor-element elementor-element-ff38f48 e-flex e-con-boxed e-con e-parent\" data-id=\"ff38f48\" data-element_type=\"container\" data-settings=\"{&quot;background_background&quot;:&quot;gradient&quot;}\">\n\t\t\t\t\t<div class=\"e-con-inner\">\n\t\t<div class=\"elementor-element elementor-element-8a82de9 e-con-full e-flex e-con e-child\" data-id=\"8a82de9\" data-element_type=\"container\">\n\t\t\t\t<div class=\"elementor-element elementor-element-231715d elementor-position-top elementor-widget elementor-widget-image-box\" data-id=\"231715d\" data-element_type=\"widget\" data-widget_type=\"image-box.default\">\n\t\t\t\t\t<div class=\"elementor-image-box-wrapper\"><figure class=\"elementor-image-box-img\"><img decoding=\"async\" width=\"1000\" height=\"733\" src=\"https:\/\/glprimecost.com.br\/wp-content\/uploads\/2025\/10\/gl-img-004.png\" class=\"attachment-full size-full wp-image-634\" alt=\"\" srcset=\"https:\/\/glprimecost.com.br\/wp-content\/uploads\/2025\/10\/gl-img-004.png 1000w, https:\/\/glprimecost.com.br\/wp-content\/uploads\/2025\/10\/gl-img-004-300x220.png 300w, https:\/\/glprimecost.com.br\/wp-content\/uploads\/2025\/10\/gl-img-004-768x563.png 768w, https:\/\/glprimecost.com.br\/wp-content\/uploads\/2025\/10\/gl-img-004-600x440.png 600w\" sizes=\"(max-width: 1000px) 100vw, 1000px\" \/><\/figure><div class=\"elementor-image-box-content\"><h5 class=\"elementor-image-box-title\">Certid\u00e3o Conjunta Negativa de D\u00e9bitos Relativos a Cr\u00e9ditos Tribut\u00e1rios Federais<\/h5><p class=\"elementor-image-box-description\">Comprova a regularidade fiscal perante a Secretaria Especial da Receita Federal do Brasil (RFB) e a Procuradoria-Geral da Fazenda Nacional (PGFN).Atesta  (como IRPJ, PIS, COFINS, IPI, etc.) (antiga CND do INSS).<\/p><\/div><\/div>\t\t\t\t<\/div>\n\t\t\t\t<\/div>\n\t\t<div class=\"elementor-element elementor-element-be03d00 e-con-full e-flex e-con e-child\" data-id=\"be03d00\" data-element_type=\"container\">\n\t\t\t\t<div class=\"elementor-element elementor-element-e7a1764 elementor-position-top elementor-widget elementor-widget-image-box\" data-id=\"e7a1764\" data-element_type=\"widget\" data-widget_type=\"image-box.default\">\n\t\t\t\t\t<div class=\"elementor-image-box-wrapper\"><figure class=\"elementor-image-box-img\"><img decoding=\"async\" width=\"1000\" height=\"733\" src=\"https:\/\/glprimecost.com.br\/wp-content\/uploads\/2025\/10\/gl-img-004.png\" class=\"attachment-full size-full wp-image-634\" alt=\"\" srcset=\"https:\/\/glprimecost.com.br\/wp-content\/uploads\/2025\/10\/gl-img-004.png 1000w, https:\/\/glprimecost.com.br\/wp-content\/uploads\/2025\/10\/gl-img-004-300x220.png 300w, https:\/\/glprimecost.com.br\/wp-content\/uploads\/2025\/10\/gl-img-004-768x563.png 768w, https:\/\/glprimecost.com.br\/wp-content\/uploads\/2025\/10\/gl-img-004-600x440.png 600w\" sizes=\"(max-width: 1000px) 100vw, 1000px\" \/><\/figure><div class=\"elementor-image-box-content\"><h5 class=\"elementor-image-box-title\">Certificado de Regularidade do FGTS (CRF)<\/h5><p class=\"elementor-image-box-description\">Emitido pela Caixa Econ\u00f4mica Federal.\n\nComprova que a empresa est\u00e1 em dia com as obriga\u00e7\u00f5es relativas ao Fundo de Garantia por Tempo de Servi\u00e7o (FGTS) dos seus empregados.<\/p><\/div><\/div>\t\t\t\t<\/div>\n\t\t\t\t<\/div>\n\t\t<div class=\"elementor-element elementor-element-8331169 e-con-full e-flex e-con e-child\" data-id=\"8331169\" data-element_type=\"container\">\n\t\t\t\t<div class=\"elementor-element elementor-element-d465184 elementor-position-top elementor-widget elementor-widget-image-box\" data-id=\"d465184\" data-element_type=\"widget\" data-widget_type=\"image-box.default\">\n\t\t\t\t\t<div class=\"elementor-image-box-wrapper\"><figure class=\"elementor-image-box-img\"><img decoding=\"async\" width=\"1000\" height=\"733\" src=\"https:\/\/glprimecost.com.br\/wp-content\/uploads\/2025\/10\/gl-img-004.png\" class=\"attachment-full size-full wp-image-634\" alt=\"\" srcset=\"https:\/\/glprimecost.com.br\/wp-content\/uploads\/2025\/10\/gl-img-004.png 1000w, https:\/\/glprimecost.com.br\/wp-content\/uploads\/2025\/10\/gl-img-004-300x220.png 300w, https:\/\/glprimecost.com.br\/wp-content\/uploads\/2025\/10\/gl-img-004-768x563.png 768w, https:\/\/glprimecost.com.br\/wp-content\/uploads\/2025\/10\/gl-img-004-600x440.png 600w\" sizes=\"(max-width: 1000px) 100vw, 1000px\" \/><\/figure><div class=\"elementor-image-box-content\"><h5 class=\"elementor-image-box-title\">Certid\u00e3o Negativa de D\u00e9bitos Estaduais<\/h5><p class=\"elementor-image-box-description\">Emitida pela Secretaria de Fazenda (ou Finan\u00e7as) Estadual.\n\nAtesta a inexist\u00eancia de d\u00e9bitos referentes a tributos estaduais, como o Imposto sobre Circula\u00e7\u00e3o de Mercadorias e Servi\u00e7os (ICMS).<\/p><\/div><\/div>\t\t\t\t<\/div>\n\t\t\t\t<\/div>\n\t\t<div class=\"elementor-element elementor-element-5693412 e-con-full e-flex e-con e-child\" data-id=\"5693412\" data-element_type=\"container\">\n\t\t\t\t<div class=\"elementor-element elementor-element-5a4a710 elementor-position-top elementor-widget elementor-widget-image-box\" data-id=\"5a4a710\" data-element_type=\"widget\" data-widget_type=\"image-box.default\">\n\t\t\t\t\t<div class=\"elementor-image-box-wrapper\"><figure class=\"elementor-image-box-img\"><img decoding=\"async\" width=\"1000\" height=\"733\" src=\"https:\/\/glprimecost.com.br\/wp-content\/uploads\/2025\/10\/gl-img-004.png\" class=\"attachment-full size-full wp-image-634\" alt=\"\" srcset=\"https:\/\/glprimecost.com.br\/wp-content\/uploads\/2025\/10\/gl-img-004.png 1000w, https:\/\/glprimecost.com.br\/wp-content\/uploads\/2025\/10\/gl-img-004-300x220.png 300w, https:\/\/glprimecost.com.br\/wp-content\/uploads\/2025\/10\/gl-img-004-768x563.png 768w, https:\/\/glprimecost.com.br\/wp-content\/uploads\/2025\/10\/gl-img-004-600x440.png 600w\" sizes=\"(max-width: 1000px) 100vw, 1000px\" \/><\/figure><div class=\"elementor-image-box-content\"><h5 class=\"elementor-image-box-title\">Certid\u00e3o Negativa de D\u00e9bitos Municipais<\/h5><p class=\"elementor-image-box-description\">Emitida pela Prefeitura (Secretaria de Finan\u00e7as\/Fazenda) Municipal.\n\nComprova a inexist\u00eancia de d\u00e9bitos referentes a tributos municipais, como o Imposto sobre Servi\u00e7os (ISS) e o Imposto Predial e Territorial Urbano (IPTU), se for o caso<\/p><\/div><\/div>\t\t\t\t<\/div>\n\t\t\t\t<\/div>\n\t\t<div class=\"elementor-element elementor-element-2676362 e-con-full e-flex e-con e-child\" data-id=\"2676362\" data-element_type=\"container\">\n\t\t\t\t<div class=\"elementor-element elementor-element-6e7933b elementor-position-top elementor-widget elementor-widget-image-box\" data-id=\"6e7933b\" data-element_type=\"widget\" data-widget_type=\"image-box.default\">\n\t\t\t\t\t<div class=\"elementor-image-box-wrapper\"><figure class=\"elementor-image-box-img\"><img decoding=\"async\" width=\"1000\" height=\"733\" src=\"https:\/\/glprimecost.com.br\/wp-content\/uploads\/2025\/10\/gl-img-004.png\" class=\"attachment-full size-full wp-image-634\" alt=\"\" srcset=\"https:\/\/glprimecost.com.br\/wp-content\/uploads\/2025\/10\/gl-img-004.png 1000w, https:\/\/glprimecost.com.br\/wp-content\/uploads\/2025\/10\/gl-img-004-300x220.png 300w, https:\/\/glprimecost.com.br\/wp-content\/uploads\/2025\/10\/gl-img-004-768x563.png 768w, https:\/\/glprimecost.com.br\/wp-content\/uploads\/2025\/10\/gl-img-004-600x440.png 600w\" sizes=\"(max-width: 1000px) 100vw, 1000px\" \/><\/figure><div class=\"elementor-image-box-content\"><h5 class=\"elementor-image-box-title\">Certid\u00e3o Negativa de D\u00e9bitos Trabalhistas (CNDT)<\/h5><p class=\"elementor-image-box-description\">Emitida pelo Tribunal Superior do Trabalho (TST).\n\nComprova que a empresa n\u00e3o possui d\u00e9bitos inadimplidos perante a Justi\u00e7a do Trabalho.<\/p><\/div><\/div>\t\t\t\t<\/div>\n\t\t\t\t<\/div>\n\t\t<div class=\"elementor-element elementor-element-695d714 e-con-full e-flex e-con e-child\" data-id=\"695d714\" data-element_type=\"container\">\n\t\t\t\t<div class=\"elementor-element elementor-element-278225b elementor-position-top elementor-widget elementor-widget-image-box\" data-id=\"278225b\" data-element_type=\"widget\" data-widget_type=\"image-box.default\">\n\t\t\t\t\t<div class=\"elementor-image-box-wrapper\"><figure class=\"elementor-image-box-img\"><img decoding=\"async\" width=\"1000\" height=\"733\" src=\"https:\/\/glprimecost.com.br\/wp-content\/uploads\/2025\/10\/gl-img-004.png\" class=\"attachment-full size-full wp-image-634\" alt=\"\" srcset=\"https:\/\/glprimecost.com.br\/wp-content\/uploads\/2025\/10\/gl-img-004.png 1000w, https:\/\/glprimecost.com.br\/wp-content\/uploads\/2025\/10\/gl-img-004-300x220.png 300w, https:\/\/glprimecost.com.br\/wp-content\/uploads\/2025\/10\/gl-img-004-768x563.png 768w, https:\/\/glprimecost.com.br\/wp-content\/uploads\/2025\/10\/gl-img-004-600x440.png 600w\" sizes=\"(max-width: 1000px) 100vw, 1000px\" \/><\/figure><div class=\"elementor-image-box-content\"><h5 class=\"elementor-image-box-title\">Certid\u00e3o de Regularidade Profissional <\/h5><p class=\"elementor-image-box-description\">Emitida pelo Conselho Regional de Contabilidade (CRC) para comprovar que um profissional ou escrit\u00f3rio cont\u00e1bil est\u00e1 habilitado e em situa\u00e7\u00e3o regular para exercer a profiss\u00e3o.<\/p><\/div><\/div>\t\t\t\t<\/div>\n\t\t\t\t<\/div>\n\t\t\t\t\t<\/div>\n\t\t\t\t<\/div>\n\t\t\t\t<\/div>\n\t\t","protected":false},"excerpt":{"rendered":"<p>EMISS\u00c3O DE CERTID\u00d5ES Na \u00e1rea de contabilidade, certid\u00f5es s\u00e3o documentos importantes, os mais comuns e frequentemente solicitados por empresas e pessoas f\u00edsicas s\u00e3o as chamadas Certid\u00f5es Negativas de D\u00e9bito (CNDs) ou documentos de comprova\u00e7\u00e3o de regularidade fiscal e obrigatoriedade. Atestam que a pessoa f\u00edsica ou jur\u00eddica est\u00e1 em dia com suas obriga\u00e7\u00f5es perante diversos \u00f3rg\u00e3os [&hellip;]<\/p>\n","protected":false},"author":1,"featured_media":0,"parent":0,"menu_order":0,"comment_status":"closed","ping_status":"closed","template":"elementor_header_footer","meta":{"footnotes":""},"class_list":["post-49","page","type-page","status-publish","hentry"],"_links":{"self":[{"href":"https:\/\/glprimecost.com.br\/index.php?rest_route=\/wp\/v2\/pages\/49","targetHints":{"allow":["GET"]}}],"collection":[{"href":"https:\/\/glprimecost.com.br\/index.php?rest_route=\/wp\/v2\/pages"}],"about":[{"href":"https:\/\/glprimecost.com.br\/index.php?rest_route=\/wp\/v2\/types\/page"}],"author":[{"embeddable":true,"href":"https:\/\/glprimecost.com.br\/index.php?rest_route=\/wp\/v2\/users\/1"}],"replies":[{"embeddable":true,"href":"https:\/\/glprimecost.com.br\/index.php?rest_route=%2Fwp%2Fv2%2Fcomments&post=49"}],"version-history":[{"count":13,"href":"https:\/\/glprimecost.com.br\/index.php?rest_route=\/wp\/v2\/pages\/49\/revisions"}],"predecessor-version":[{"id":640,"href":"https:\/\/glprimecost.com.br\/index.php?rest_route=\/wp\/v2\/pages\/49\/revisions\/640"}],"wp:attachment":[{"href":"https:\/\/glprimecost.com.br\/index.php?rest_route=%2Fwp%2Fv2%2Fmedia&parent=49"}],"curies":[{"name":"wp","href":"https:\/\/api.w.org\/{rel}","templated":true}]}}