{"id":47,"date":"2025-09-21T19:59:33","date_gmt":"2025-09-21T22:59:33","guid":{"rendered":"https:\/\/glprimecost.com.br\/?page_id=47"},"modified":"2025-10-15T22:42:39","modified_gmt":"2025-10-16T01:42:39","slug":"cnpj","status":"publish","type":"page","link":"https:\/\/glprimecost.com.br\/?page_id=47","title":{"rendered":"CNPJ"},"content":{"rendered":"\t\t<div data-elementor-type=\"wp-page\" data-elementor-id=\"47\" class=\"elementor elementor-47\" data-elementor-post-type=\"page\">\n\t\t\t\t<div class=\"elementor-element elementor-element-1bc1292 e-flex e-con-boxed e-con e-parent\" data-id=\"1bc1292\" data-element_type=\"container\">\n\t\t\t\t\t<div class=\"e-con-inner\">\n\t\t<div class=\"elementor-element elementor-element-ceafaaf e-con-full e-flex e-con e-child\" data-id=\"ceafaaf\" data-element_type=\"container\" data-settings=\"{&quot;background_background&quot;:&quot;gradient&quot;}\">\n\t\t\t\t<div class=\"elementor-element elementor-element-07a69f8 elementor-widget__width-initial elementor-widget elementor-widget-image\" data-id=\"07a69f8\" data-element_type=\"widget\" data-widget_type=\"image.default\">\n\t\t\t\t\t\t\t\t\t\t\t\t\t\t\t<img fetchpriority=\"high\" decoding=\"async\" width=\"495\" height=\"455\" src=\"https:\/\/glprimecost.com.br\/wp-content\/uploads\/2025\/10\/imagem_2025-10-15_100220446.png\" class=\"attachment-large size-large wp-image-588\" alt=\"\" srcset=\"https:\/\/glprimecost.com.br\/wp-content\/uploads\/2025\/10\/imagem_2025-10-15_100220446.png 495w, https:\/\/glprimecost.com.br\/wp-content\/uploads\/2025\/10\/imagem_2025-10-15_100220446-300x276.png 300w\" sizes=\"(max-width: 495px) 100vw, 495px\" \/>\t\t\t\t\t\t\t\t\t\t\t\t\t\t\t<\/div>\n\t\t\t\t<\/div>\n\t\t<div class=\"elementor-element elementor-element-cf96f23 e-con-full e-flex e-con e-child\" data-id=\"cf96f23\" data-element_type=\"container\" data-settings=\"{&quot;background_background&quot;:&quot;gradient&quot;}\">\n\t\t\t\t<div class=\"elementor-element elementor-element-2768a0a elementor-widget elementor-widget-heading\" data-id=\"2768a0a\" data-element_type=\"widget\" data-widget_type=\"heading.default\">\n\t\t\t\t\t<h2 class=\"elementor-heading-title elementor-size-default\">CNPJ<\/h2>\t\t\t\t<\/div>\n\t\t\t\t<div class=\"elementor-element elementor-element-db13b05 elementor-widget elementor-widget-heading\" data-id=\"db13b05\" data-element_type=\"widget\" data-widget_type=\"heading.default\">\n\t\t\t\t\t<h4 class=\"elementor-heading-title elementor-size-default\">Cadastro Nacional de Pessoa Jur\u00eddica<\/h4>\t\t\t\t<\/div>\n\t\t\t\t<div class=\"elementor-element elementor-element-823e105 elementor-widget__width-initial elementor-widget elementor-widget-text-editor\" data-id=\"823e105\" data-element_type=\"widget\" data-widget_type=\"text-editor.default\">\n\t\t\t\t\t\t\t\t\t<p>Vemos abaixo a esquerda, um modelo do cart\u00e3o do <b>CNPJ<\/b>, onde em vermelho constar\u00e1 o futuro n\u00famero identificador da empresa, como tendo todos os itens relacionados quanto ao tipo de empresa, principais atividades exercidas, qual o tipo de tributa\u00e7\u00e3o em rela\u00e7\u00e3o aos impostos e os dados b\u00e1sicos de localiza\u00e7\u00e3o da sede da empresa.<\/p>\t\t\t\t\t\t\t\t<\/div>\n\t\t\t\t<div class=\"elementor-element elementor-element-e3045b7 elementor-widget__width-initial elementor-widget elementor-widget-image\" data-id=\"e3045b7\" data-element_type=\"widget\" data-widget_type=\"image.default\">\n\t\t\t\t\t\t\t\t\t\t\t\t\t\t\t<img decoding=\"async\" width=\"300\" height=\"175\" src=\"https:\/\/glprimecost.com.br\/wp-content\/uploads\/2025\/10\/carimbo-padrao-modelo-cnpj-300x175.png\" class=\"attachment-medium size-medium wp-image-319\" alt=\"\" srcset=\"https:\/\/glprimecost.com.br\/wp-content\/uploads\/2025\/10\/carimbo-padrao-modelo-cnpj-300x175.png 300w, https:\/\/glprimecost.com.br\/wp-content\/uploads\/2025\/10\/carimbo-padrao-modelo-cnpj-1024x597.png 1024w, https:\/\/glprimecost.com.br\/wp-content\/uploads\/2025\/10\/carimbo-padrao-modelo-cnpj-768x447.png 768w, https:\/\/glprimecost.com.br\/wp-content\/uploads\/2025\/10\/carimbo-padrao-modelo-cnpj-1536x895.png 1536w, https:\/\/glprimecost.com.br\/wp-content\/uploads\/2025\/10\/carimbo-padrao-modelo-cnpj-600x350.png 600w, https:\/\/glprimecost.com.br\/wp-content\/uploads\/2025\/10\/carimbo-padrao-modelo-cnpj.png 1854w\" sizes=\"(max-width: 300px) 100vw, 300px\" \/>\t\t\t\t\t\t\t\t\t\t\t\t\t\t\t<\/div>\n\t\t\t\t<\/div>\n\t\t\t\t\t<\/div>\n\t\t\t\t<\/div>\n\t\t<div class=\"elementor-element elementor-element-0a980a0 e-con-full e-flex e-con e-parent\" data-id=\"0a980a0\" data-element_type=\"container\" data-settings=\"{&quot;background_background&quot;:&quot;gradient&quot;}\">\n\t\t<div class=\"elementor-element elementor-element-4eb4006 e-con-full e-flex e-con e-child\" data-id=\"4eb4006\" data-element_type=\"container\" data-settings=\"{&quot;background_background&quot;:&quot;gradient&quot;}\">\n\t\t\t\t<div class=\"elementor-element elementor-element-cc6a1e2 elementor-widget elementor-widget-image\" data-id=\"cc6a1e2\" data-element_type=\"widget\" data-widget_type=\"image.default\">\n\t\t\t\t\t\t\t\t\t\t\t\t\t\t\t<img decoding=\"async\" width=\"286\" height=\"300\" src=\"https:\/\/glprimecost.com.br\/wp-content\/uploads\/2025\/10\/cnpj_glprimecost-286x300.png\" class=\"attachment-medium size-medium wp-image-315\" alt=\"\" srcset=\"https:\/\/glprimecost.com.br\/wp-content\/uploads\/2025\/10\/cnpj_glprimecost-286x300.png 286w, https:\/\/glprimecost.com.br\/wp-content\/uploads\/2025\/10\/cnpj_glprimecost-768x805.png 768w, https:\/\/glprimecost.com.br\/wp-content\/uploads\/2025\/10\/cnpj_glprimecost-600x629.png 600w, https:\/\/glprimecost.com.br\/wp-content\/uploads\/2025\/10\/cnpj_glprimecost.png 822w\" sizes=\"(max-width: 286px) 100vw, 286px\" \/>\t\t\t\t\t\t\t\t\t\t\t\t\t\t\t<\/div>\n\t\t\t\t<div class=\"elementor-element elementor-element-4f93804 elementor-widget elementor-widget-heading\" data-id=\"4f93804\" data-element_type=\"widget\" data-widget_type=\"heading.default\">\n\t\t\t\t\t<h4 class=\"elementor-heading-title elementor-size-default\">Modelo atual do cart\u00e3o do CNPJ<\/h4>\t\t\t\t<\/div>\n\t\t\t\t<\/div>\n\t\t<div class=\"elementor-element elementor-element-53b169e e-con-full e-flex e-con e-child\" data-id=\"53b169e\" data-element_type=\"container\">\n\t\t\t\t<div class=\"elementor-element elementor-element-20a5e5a elementor-widget elementor-widget-heading\" data-id=\"20a5e5a\" data-element_type=\"widget\" data-widget_type=\"heading.default\">\n\t\t\t\t\t<h4 class=\"elementor-heading-title elementor-size-default\">Como obter  o CNPJ para ter a empresa em atividade?<\/h4>\t\t\t\t<\/div>\n\t\t\t\t<div class=\"elementor-element elementor-element-bfec847 elementor-widget elementor-widget-text-editor\" data-id=\"bfec847\" data-element_type=\"widget\" data-widget_type=\"text-editor.default\">\n\t\t\t\t\t\t\t\t\t<p>Na <b>Gl Prime Cost,<\/b> <i>assessoria cont\u00e1bil<\/i>, oferecemos a melhor maneira e procedimentos na obten\u00e7\u00e3o de seu CNPJ para abertura de sua empresa. Conhe\u00e7a passo a passo nosso trabalho detalhado:<\/p><p>Para abrir um <b>Cadastro Nacional da Pessoa Jur\u00eddica (CNPJ)<\/b> que \u00e9 fundamental para formalizar um neg\u00f3cio no Brasil.\u00a0<\/p>\t\t\t\t\t\t\t\t<\/div>\n\t\t\t\t<\/div>\n\t\t\t\t<\/div>\n\t\t<div class=\"elementor-element elementor-element-865e7ca e-flex e-con-boxed e-con e-parent\" data-id=\"865e7ca\" data-element_type=\"container\" data-settings=\"{&quot;background_background&quot;:&quot;gradient&quot;}\">\n\t\t\t\t\t<div class=\"e-con-inner\">\n\t\t<div class=\"elementor-element elementor-element-140647b e-con-full e-flex e-con e-child\" data-id=\"140647b\" data-element_type=\"container\" data-settings=\"{&quot;background_background&quot;:&quot;gradient&quot;}\">\n\t\t\t\t<div class=\"elementor-element elementor-element-ea14b43 elementor-widget__width-initial elementor-widget elementor-widget-image\" data-id=\"ea14b43\" data-element_type=\"widget\" data-widget_type=\"image.default\">\n\t\t\t\t\t\t\t\t\t\t\t\t\t\t\t<img loading=\"lazy\" decoding=\"async\" width=\"150\" height=\"150\" src=\"https:\/\/glprimecost.com.br\/wp-content\/uploads\/2025\/10\/GL-Prime-Cost-favicon-150x150.png\" class=\"attachment-thumbnail size-thumbnail wp-image-279\" alt=\"\" srcset=\"https:\/\/glprimecost.com.br\/wp-content\/uploads\/2025\/10\/GL-Prime-Cost-favicon-150x150.png 150w, https:\/\/glprimecost.com.br\/wp-content\/uploads\/2025\/10\/GL-Prime-Cost-favicon-300x300.png 300w, https:\/\/glprimecost.com.br\/wp-content\/uploads\/2025\/10\/GL-Prime-Cost-favicon-100x100.png 100w\" sizes=\"(max-width: 150px) 100vw, 150px\" \/>\t\t\t\t\t\t\t\t\t\t\t\t\t\t\t<\/div>\n\t\t\t\t<\/div>\n\t\t<div class=\"elementor-element elementor-element-df59109 e-con-full e-flex e-con e-child\" data-id=\"df59109\" data-element_type=\"container\" data-settings=\"{&quot;background_background&quot;:&quot;gradient&quot;}\">\n\t\t\t\t<div class=\"elementor-element elementor-element-3880dd4 elementor-widget elementor-widget-heading\" data-id=\"3880dd4\" data-element_type=\"widget\" data-widget_type=\"heading.default\">\n\t\t\t\t\t<h4 class=\"elementor-heading-title elementor-size-default\">PRINCIPAIS D\u00daVIDAS E PERGUNTAS FREQUENTES SOBRE O CNPJ<\/h4>\t\t\t\t<\/div>\n\t\t\t\t<div class=\"elementor-element elementor-element-59ad32f elementor-widget elementor-widget-text-editor\" data-id=\"59ad32f\" data-element_type=\"widget\" data-widget_type=\"text-editor.default\">\n\t\t\t\t\t\t\t\t\t<p>O processo, que pode parecer complexo, na verdade requer alguns procedimentos administrativos, atualmente e este trabalho foi simplificado nos \u00faltimos anos, com a digitaliza\u00e7\u00e3o de servi\u00e7os e a integra\u00e7\u00e3o de \u00f3rg\u00e3os governamentais.&nbsp;<\/p>\t\t\t\t\t\t\t\t<\/div>\n\t\t\t\t<\/div>\n\t\t\t\t\t<\/div>\n\t\t\t\t<\/div>\n\t\t<div class=\"elementor-element elementor-element-bf9282d e-flex e-con-boxed e-con e-parent\" data-id=\"bf9282d\" data-element_type=\"container\">\n\t\t\t\t\t<div class=\"e-con-inner\">\n\t\t\t\t<div class=\"elementor-element elementor-element-dc9e387 elementor-widget elementor-widget-heading\" data-id=\"dc9e387\" data-element_type=\"widget\" data-widget_type=\"heading.default\">\n\t\t\t\t\t<h5 class=\"elementor-heading-title elementor-size-default\">1.) Quais s\u00e3o os primeiros passos na obten\u00e7\u00e3o do CNPJ?<\/h5>\t\t\t\t<\/div>\n\t\t\t\t<div class=\"elementor-element elementor-element-ce1dc07 elementor-widget elementor-widget-text-editor\" data-id=\"ce1dc07\" data-element_type=\"widget\" data-widget_type=\"text-editor.default\">\n\t\t\t\t\t\t\t\t\t<p><b>Resp.: Defini\u00e7\u00f5es Iniciais, a base do seu neg\u00f3cio, antes de iniciar o processo de registro, \u00e9 crucial tomar algumas decis\u00f5es estrat\u00e9gicas que impactar\u00e3o a tributa\u00e7\u00e3o e a gest\u00e3o da sua empresa como:<\/b><\/p>\n<p>1.1.) Tipo de Empresa (Natureza Jur\u00eddica): A escolha depender\u00e1 se voc\u00ea ter\u00e1 s\u00f3cios e do seu faturamento previsto. As naturezas jur\u00eddicas mais comuns s\u00e3o:<br>1.2.) Microempreendedor Individual (MEI): Ideal para quem trabalha por conta pr\u00f3pria, com faturamento anual de at\u00e9 R$ 81 mil. O processo de abertura \u00e9 o mais simples e gratuito.<br>1.3.) Empres\u00e1rio Individual (EI): Para quem empreende sem s\u00f3cios e n\u00e3o se enquadra como MEI, sem limite de faturamento.<br>1.4.) Sociedade Limitada (LTDA): Para quem ter\u00e1 um ou mais s\u00f3cios, com a responsabilidade de cada um limitada ao valor de suas quotas.<br>1.5.) Sociedade Limitada Unipessoal (SLU): Permite a constitui\u00e7\u00e3o de uma empresa com apenas um s\u00f3cio, protegendo o patrim\u00f4nio pessoal.<\/p>\t\t\t\t\t\t\t\t<\/div>\n\t\t\t\t\t<\/div>\n\t\t\t\t<\/div>\n\t\t<div class=\"elementor-element elementor-element-c1b4c8a e-flex e-con-boxed e-con e-parent\" data-id=\"c1b4c8a\" data-element_type=\"container\">\n\t\t\t\t\t<div class=\"e-con-inner\">\n\t\t\t\t<div class=\"elementor-element elementor-element-8bd9d4d elementor-widget elementor-widget-heading\" data-id=\"8bd9d4d\" data-element_type=\"widget\" data-widget_type=\"heading.default\">\n\t\t\t\t\t<h5 class=\"elementor-heading-title elementor-size-default\">2.) Como definir quais as atividades que a empresa exercer\u00e1?\n<\/h5>\t\t\t\t<\/div>\n\t\t\t\t<div class=\"elementor-element elementor-element-e34d7f7 elementor-widget elementor-widget-text-editor\" data-id=\"e34d7f7\" data-element_type=\"widget\" data-widget_type=\"text-editor.default\">\n\t\t\t\t\t\t\t\t\t<p>2.1)\u00a0 Atividades da Empresa (CNAE): \u00c9 necess\u00e1rio definir quais ser\u00e3o as atividades principais e secund\u00e1rias da sua empresa, utilizando a Classifica\u00e7\u00e3o Nacional de Atividades Econ\u00f4micas (CNAE). A escolha correta das atividades econ\u00f4micas s\u00e3o fundamentais para o tipo de tributa\u00e7\u00e3o e a obten\u00e7\u00e3o de licen\u00e7as relacionadas.<\/p>\t\t\t\t\t\t\t\t<\/div>\n\t\t\t\t\t<\/div>\n\t\t\t\t<\/div>\n\t\t<div class=\"elementor-element elementor-element-306d56b e-flex e-con-boxed e-con e-parent\" data-id=\"306d56b\" data-element_type=\"container\">\n\t\t\t\t\t<div class=\"e-con-inner\">\n\t\t\t\t<div class=\"elementor-element elementor-element-a0e7cb2 elementor-widget__width-initial elementor-widget elementor-widget-heading\" data-id=\"a0e7cb2\" data-element_type=\"widget\" data-widget_type=\"heading.default\">\n\t\t\t\t\t<h5 class=\"elementor-heading-title elementor-size-default\">3.) Quais s\u00e3o os regimes tribut\u00e1rios para defini\u00e7\u00e3o das al\u00edquotas e formas dos impostos a serem pagos?\n<\/h5>\t\t\t\t<\/div>\n\t\t\t\t<div class=\"elementor-element elementor-element-ae7cd46 elementor-widget elementor-widget-text-editor\" data-id=\"ae7cd46\" data-element_type=\"widget\" data-widget_type=\"text-editor.default\">\n\t\t\t\t\t\t\t\t\t<p>3.1)&nbsp; Regime Tribut\u00e1rio: A op\u00e7\u00e3o pelo regime tribut\u00e1rio definir\u00e1 como os impostos ser\u00e3o calculados e pagos. Os principais s\u00e3o:<br>3.2)&nbsp; Simples Nacional: Regime simplificado para micro e pequenas empresas.<br>3.3)&nbsp; Lucro Presumido: A base de c\u00e1lculo do imposto \u00e9 uma presun\u00e7\u00e3o de lucro sobre o faturamento.<br>3.4.&nbsp; Lucro Real: O imposto \u00e9 calculado sobre o lucro l\u00edquido real da empresa.<\/p>\t\t\t\t\t\t\t\t<\/div>\n\t\t\t\t\t<\/div>\n\t\t\t\t<\/div>\n\t\t<div class=\"elementor-element elementor-element-5973ede e-flex e-con-boxed e-con e-parent\" data-id=\"5973ede\" data-element_type=\"container\">\n\t\t\t\t\t<div class=\"e-con-inner\">\n\t\t\t\t<div class=\"elementor-element elementor-element-212b610 elementor-widget elementor-widget-heading\" data-id=\"212b610\" data-element_type=\"widget\" data-widget_type=\"heading.default\">\n\t\t\t\t\t<h5 class=\"elementor-heading-title elementor-size-default\">4.) Quais s\u00e3o os passos complementares ap\u00f3s as defini\u00e7\u00f5es iniciais?<\/h5>\t\t\t\t<\/div>\n\t\t\t\t<div class=\"elementor-element elementor-element-fefd3d4 elementor-widget elementor-widget-text-editor\" data-id=\"fefd3d4\" data-element_type=\"widget\" data-widget_type=\"text-editor.default\">\n\t\t\t\t\t\t\t\t\t<p>4.1.) Com as defini\u00e7\u00f5es iniciais estabelecidas, o pr\u00f3ximo passo \u00e9 a formaliza\u00e7\u00e3o em si, que hoje \u00e9 majoritariamente realizada online atrav\u00e9s da Redesim (Rede Nacional para a Simplifica\u00e7\u00e3o do Registro e da Legaliza\u00e7\u00e3o de Empresas e Neg\u00f3cios).<br>4<u>.2.)&nbsp; Etapa 1: Consulta de Viabilidade<\/u><br>O primeiro passo \u00e9 realizar a consulta de viabilidade na Junta Comercial do seu estado. Esta consulta verifica se o nome empresarial escolhido est\u00e1 dispon\u00edvel e se o endere\u00e7o da empresa \u00e9 permitido para a atividade que ser\u00e1 exercida.<br><u>4.3.)&nbsp; Etapa 2: Coleta de Dados e Gera\u00e7\u00e3o do DBE<\/u><br>Ap\u00f3s a aprova\u00e7\u00e3o da viabilidade, voc\u00ea preencher\u00e1 o Documento B\u00e1sico de Entrada (DBE) no Coletor Nacional da Redesim. O DBE \u00e9 um formul\u00e1rio eletr\u00f4nico que re\u00fane as informa\u00e7\u00f5es da empresa e dos s\u00f3cios.<br><u>4.4.)&nbsp; Etapa 3: Registro na Junta Comercial e Obten\u00e7\u00e3o do CNPJ<\/u><br>Com o DBE em m\u00e3os e o Contrato Social (para sociedades) elaborado, o pr\u00f3ximo passo \u00e9 protocolar o pedido de registro na Junta Comercial. Ap\u00f3s a an\u00e1lise e aprova\u00e7\u00e3o, o CNPJ ser\u00e1 gerado automaticamente.<br><u>4.5.)&nbsp; Etapa 4: Inscri\u00e7\u00f5es e Licenciamento<\/u><br>Com o CNPJ emitido, \u00e9 necess\u00e1rio realizar as inscri\u00e7\u00f5es tribut\u00e1rias, como a Inscri\u00e7\u00e3o Estadual (para empresas de com\u00e9rcio e ind\u00fastria) e a Inscri\u00e7\u00e3o Municipal (para prestadores de servi\u00e7o). Por fim, devem ser obtidos os alvar\u00e1s e licen\u00e7as necess\u00e1rios para o funcionamento, como o Alvar\u00e1 de Funcionamento da prefeitura e, dependendo da atividade, licen\u00e7as do Corpo de Bombeiros, Vigil\u00e2ncia Sanit\u00e1ria, entre outras.<\/p>\t\t\t\t\t\t\t\t<\/div>\n\t\t\t\t\t<\/div>\n\t\t\t\t<\/div>\n\t\t<div class=\"elementor-element elementor-element-47d460a e-flex e-con-boxed e-con e-parent\" data-id=\"47d460a\" data-element_type=\"container\">\n\t\t\t\t\t<div class=\"e-con-inner\">\n\t\t\t\t<div class=\"elementor-element elementor-element-bc9ed24 elementor-widget__width-initial elementor-widget elementor-widget-heading\" data-id=\"bc9ed24\" data-element_type=\"widget\" data-widget_type=\"heading.default\">\n\t\t\t\t\t<h5 class=\"elementor-heading-title elementor-size-default\">5.) Quais s\u00e3o os documenta\u00e7\u00e3o necess\u00e1rios para ter o CNPJ?<\/h5>\t\t\t\t<\/div>\n\t\t\t\t<div class=\"elementor-element elementor-element-d48144e elementor-widget elementor-widget-text-editor\" data-id=\"d48144e\" data-element_type=\"widget\" data-widget_type=\"text-editor.default\">\n\t\t\t\t\t\t\t\t\t<p>5.1)&nbsp; A lista de documentos pode variar ligeiramente dependendo do tipo de empresa e do estado, mas os principais s\u00e3o:<br>5.2)&nbsp; Certificado Digital<br>5.3)&nbsp; Documentos dos S\u00f3cios:, RG e CPF (ou CNH).<br>5.4)&nbsp; Comprovante de resid\u00eancia.<br>5.6)&nbsp; Documentos da Empresa: Contrato Social (para sociedades), Comprovante de endere\u00e7o do local da empresa (IPTU ou contrato de loca\u00e7\u00e3o).<\/p>\t\t\t\t\t\t\t\t<\/div>\n\t\t\t\t\t<\/div>\n\t\t\t\t<\/div>\n\t\t<div class=\"elementor-element elementor-element-004455f e-flex e-con-boxed e-con e-parent\" data-id=\"004455f\" data-element_type=\"container\">\n\t\t\t\t\t<div class=\"e-con-inner\">\n\t\t\t\t<div class=\"elementor-element elementor-element-ce95ad5 elementor-widget__width-initial elementor-widget elementor-widget-heading\" data-id=\"ce95ad5\" data-element_type=\"widget\" data-widget_type=\"heading.default\">\n\t\t\t\t\t<h5 class=\"elementor-heading-title elementor-size-default\">6.) Quais ser\u00e3o sos cstos evolvidos na abertura do CNPJ dependendo o tipos de empresa?<\/h5>\t\t\t\t<\/div>\n\t\t\t\t<div class=\"elementor-element elementor-element-d194483 elementor-widget elementor-widget-text-editor\" data-id=\"d194483\" data-element_type=\"widget\" data-widget_type=\"text-editor.default\">\n\t\t\t\t\t\t\t\t\t<p>6.1)\u00a0\u00a0\u00a0MEI: A abertura (inscri\u00e7\u00e3o) \u00e9 gratuita.<br \/>6.2)\u00a0 Outras Naturezas Jur\u00eddicas: Os custos podem variar entre R$ 500 e R$ 3.000,00.<br \/>6.3)\u00a0 Taxas da Junta Comercial (DARE): Variam de estado para estado.<br \/>6.4)\u00a0 Certificado Digital: Necess\u00e1rio para a assinatura eletr\u00f4nica de documentos e emiss\u00e3o de notas fiscais.<br \/>6.6)\u00a0\u00a0<span style=\"font-size: 1rem;\">Honor\u00e1rios do Contador: Embora seja poss\u00edvel abrir a empresa por conta pr\u00f3pria, um contador \u00e9\u00a0 recomend\u00e1vel para garantir todo o processo.<\/span><\/p>\t\t\t\t\t\t\t\t<\/div>\n\t\t\t\t\t<\/div>\n\t\t\t\t<\/div>\n\t\t<div class=\"elementor-element elementor-element-03109a8 e-flex e-con-boxed e-con e-parent\" data-id=\"03109a8\" data-element_type=\"container\">\n\t\t\t\t\t<div class=\"e-con-inner\">\n\t\t\t\t<div class=\"elementor-element elementor-element-b875015 elementor-widget elementor-widget-heading\" data-id=\"b875015\" data-element_type=\"widget\" data-widget_type=\"heading.default\">\n\t\t\t\t\t<h4 class=\"elementor-heading-title elementor-size-default\">7.) Quais s\u00e3o os prazos para ter o CNPJ em m\u00e3os?<\/h4>\t\t\t\t<\/div>\n\t\t\t\t<div class=\"elementor-element elementor-element-0fc4ba8 elementor-widget elementor-widget-text-editor\" data-id=\"0fc4ba8\" data-element_type=\"widget\" data-widget_type=\"text-editor.default\">\n\t\t\t\t\t\t\t\t\t<p>7.1.) O tempo para a obten\u00e7\u00e3o do CNPJ tamb\u00e9m varia:<br \/>7.1.) MEI: O CNPJ \u00e9 gerado imediatamente ap\u00f3s o cadastro no Portal do Empreendedor.<br \/>7.1.) Outras Empresas: O processo pode levar de alguns dias a algumas semanas, a depender da agilidade da Junta Comercial e dos demais \u00f3rg\u00e3os envolvidos.<\/p>\t\t\t\t\t\t\t\t<\/div>\n\t\t\t\t\t<\/div>\n\t\t\t\t<\/div>\n\t\t<div class=\"elementor-element elementor-element-e04f09d e-flex e-con-boxed e-con e-parent\" data-id=\"e04f09d\" data-element_type=\"container\" data-settings=\"{&quot;background_background&quot;:&quot;gradient&quot;}\">\n\t\t\t\t\t<div class=\"e-con-inner\">\n\t\t\t\t<div class=\"elementor-element elementor-element-6f382a6 elementor-widget elementor-widget-heading\" data-id=\"6f382a6\" data-element_type=\"widget\" data-widget_type=\"heading.default\">\n\t\t\t\t\t<h5 class=\"elementor-heading-title elementor-size-default\">Para facilitar o processo e evitar erros, \u00e9 sempre recomendado e impressindivel buscar o aux\u00edlio de um profissional de contabilidade, onde na GL Prime Cost, voc\u00ea poder\u00e1 ser\u00e1 sempre orient\u00e1do em todas as etapas da abertura do seu CNPJ, considerando fatores como tipo de empresa, tributa\u00e7\u00e3o, receitas e demais despesas oriundas da movimenta\u00e7\u00e3o futura das diversas atividades que a empresa venha a exercer.\n<\/h5>\t\t\t\t<\/div>\n\t\t\t\t\t<\/div>\n\t\t\t\t<\/div>\n\t\t\t\t<\/div>\n\t\t","protected":false},"excerpt":{"rendered":"<p>CNPJ Cadastro Nacional de Pessoa Jur\u00eddica Vemos abaixo a esquerda, um modelo do cart\u00e3o do CNPJ, onde em vermelho constar\u00e1 o futuro n\u00famero identificador da empresa, como tendo todos os itens relacionados quanto ao tipo de empresa, principais atividades exercidas, qual o tipo de tributa\u00e7\u00e3o em rela\u00e7\u00e3o aos impostos e os dados b\u00e1sicos de localiza\u00e7\u00e3o [&hellip;]<\/p>\n","protected":false},"author":1,"featured_media":0,"parent":0,"menu_order":0,"comment_status":"closed","ping_status":"closed","template":"elementor_header_footer","meta":{"footnotes":""},"class_list":["post-47","page","type-page","status-publish","hentry"],"_links":{"self":[{"href":"https:\/\/glprimecost.com.br\/index.php?rest_route=\/wp\/v2\/pages\/47","targetHints":{"allow":["GET"]}}],"collection":[{"href":"https:\/\/glprimecost.com.br\/index.php?rest_route=\/wp\/v2\/pages"}],"about":[{"href":"https:\/\/glprimecost.com.br\/index.php?rest_route=\/wp\/v2\/types\/page"}],"author":[{"embeddable":true,"href":"https:\/\/glprimecost.com.br\/index.php?rest_route=\/wp\/v2\/users\/1"}],"replies":[{"embeddable":true,"href":"https:\/\/glprimecost.com.br\/index.php?rest_route=%2Fwp%2Fv2%2Fcomments&post=47"}],"version-history":[{"count":46,"href":"https:\/\/glprimecost.com.br\/index.php?rest_route=\/wp\/v2\/pages\/47\/revisions"}],"predecessor-version":[{"id":694,"href":"https:\/\/glprimecost.com.br\/index.php?rest_route=\/wp\/v2\/pages\/47\/revisions\/694"}],"wp:attachment":[{"href":"https:\/\/glprimecost.com.br\/index.php?rest_route=%2Fwp%2Fv2%2Fmedia&parent=47"}],"curies":[{"name":"wp","href":"https:\/\/api.w.org\/{rel}","templated":true}]}}