{"id":43,"date":"2025-09-21T19:58:19","date_gmt":"2025-09-21T22:58:19","guid":{"rendered":"https:\/\/glprimecost.com.br\/?page_id=43"},"modified":"2025-10-13T23:22:59","modified_gmt":"2025-10-14T02:22:59","slug":"servicos","status":"publish","type":"page","link":"https:\/\/glprimecost.com.br\/?page_id=43","title":{"rendered":"Servi\u00e7os"},"content":{"rendered":"\t\t<div data-elementor-type=\"wp-page\" data-elementor-id=\"43\" class=\"elementor elementor-43\" data-elementor-post-type=\"page\">\n\t\t\t\t<div class=\"elementor-element elementor-element-201b057 e-flex e-con-boxed e-con e-parent\" data-id=\"201b057\" data-element_type=\"container\">\n\t\t\t\t\t<div class=\"e-con-inner\">\n\t\t<div class=\"elementor-element elementor-element-78af4d0 e-con-full e-flex e-con e-child\" data-id=\"78af4d0\" data-element_type=\"container\">\n\t\t\t\t<div class=\"elementor-element elementor-element-1806425 elementor-widget elementor-widget-image\" data-id=\"1806425\" data-element_type=\"widget\" data-widget_type=\"image.default\">\n\t\t\t\t\t\t\t\t\t\t\t\t\t\t\t<img fetchpriority=\"high\" decoding=\"async\" width=\"800\" height=\"532\" src=\"https:\/\/glprimecost.com.br\/wp-content\/uploads\/2025\/10\/imagem_2025-10-05_235334945.png\" class=\"attachment-large size-large wp-image-304\" alt=\"\" srcset=\"https:\/\/glprimecost.com.br\/wp-content\/uploads\/2025\/10\/imagem_2025-10-05_235334945.png 1024w, https:\/\/glprimecost.com.br\/wp-content\/uploads\/2025\/10\/imagem_2025-10-05_235334945-300x200.png 300w, https:\/\/glprimecost.com.br\/wp-content\/uploads\/2025\/10\/imagem_2025-10-05_235334945-768x511.png 768w, https:\/\/glprimecost.com.br\/wp-content\/uploads\/2025\/10\/imagem_2025-10-05_235334945-600x399.png 600w\" sizes=\"(max-width: 800px) 100vw, 800px\" \/>\t\t\t\t\t\t\t\t\t\t\t\t\t\t\t<\/div>\n\t\t\t\t<\/div>\n\t\t<div class=\"elementor-element elementor-element-0f0094a e-con-full e-flex e-con e-child\" data-id=\"0f0094a\" data-element_type=\"container\">\n\t\t\t\t<div class=\"elementor-element elementor-element-904ef9a elementor-widget elementor-widget-heading\" data-id=\"904ef9a\" data-element_type=\"widget\" data-widget_type=\"heading.default\">\n\t\t\t\t\t<h5 class=\"elementor-heading-title elementor-size-default\">SERVI\u00c7OS GL PRIME COST<\/h5>\t\t\t\t<\/div>\n\t\t\t\t<div class=\"elementor-element elementor-element-73485c6 elementor-widget__width-initial elementor-widget-mobile__width-initial elementor-widget elementor-widget-heading\" data-id=\"73485c6\" data-element_type=\"widget\" data-widget_type=\"heading.default\">\n\t\t\t\t\t<h6 class=\"elementor-heading-title elementor-size-default\">Na GL Prime Cost, assessoria cont\u00e1bil  traz a inova\u00e7\u00e3o com tecnologia com sua equipe sempre pronta para sua gest\u00e3o financeira,\n A sua contabilidade do futuro,  hoje para voc\u00ea!<\/h6>\t\t\t\t<\/div>\n\t\t\t\t<\/div>\n\t\t\t\t\t<\/div>\n\t\t\t\t<\/div>\n\t\t<div class=\"elementor-element elementor-element-d45291b e-flex e-con-boxed e-con e-parent\" data-id=\"d45291b\" data-element_type=\"container\" data-settings=\"{&quot;background_background&quot;:&quot;gradient&quot;}\">\n\t\t\t\t\t<div class=\"e-con-inner\">\n\t\t<div class=\"elementor-element elementor-element-eb36565 e-con-full e-flex e-con e-child\" data-id=\"eb36565\" data-element_type=\"container\">\n\t\t\t\t<div class=\"elementor-element elementor-element-b62c42f elementor-widget elementor-widget-image\" data-id=\"b62c42f\" data-element_type=\"widget\" data-widget_type=\"image.default\">\n\t\t\t\t\t\t\t\t\t\t\t\t\t\t\t<img decoding=\"async\" width=\"300\" height=\"300\" src=\"https:\/\/glprimecost.com.br\/wp-content\/uploads\/2025\/10\/Abertura-de-Empresa-300x300.png\" class=\"attachment-medium size-medium wp-image-505\" alt=\"\" srcset=\"https:\/\/glprimecost.com.br\/wp-content\/uploads\/2025\/10\/Abertura-de-Empresa-300x300.png 300w, https:\/\/glprimecost.com.br\/wp-content\/uploads\/2025\/10\/Abertura-de-Empresa-150x150.png 150w, https:\/\/glprimecost.com.br\/wp-content\/uploads\/2025\/10\/Abertura-de-Empresa-768x768.png 768w, https:\/\/glprimecost.com.br\/wp-content\/uploads\/2025\/10\/Abertura-de-Empresa-600x600.png 600w, https:\/\/glprimecost.com.br\/wp-content\/uploads\/2025\/10\/Abertura-de-Empresa-100x100.png 100w, https:\/\/glprimecost.com.br\/wp-content\/uploads\/2025\/10\/Abertura-de-Empresa.png 1024w\" sizes=\"(max-width: 300px) 100vw, 300px\" \/>\t\t\t\t\t\t\t\t\t\t\t\t\t\t\t<\/div>\n\t\t\t\t<\/div>\n\t\t<div class=\"elementor-element elementor-element-689364c e-con-full e-flex e-con e-child\" data-id=\"689364c\" data-element_type=\"container\" data-settings=\"{&quot;background_background&quot;:&quot;gradient&quot;}\">\n\t\t\t\t<div class=\"elementor-element elementor-element-1cd7fa6 elementor-widget elementor-widget-heading\" data-id=\"1cd7fa6\" data-element_type=\"widget\" data-widget_type=\"heading.default\">\n\t\t\t\t\t<h5 class=\"elementor-heading-title elementor-size-default\">ABERTURA DE EMPRESA<\/h5>\t\t\t\t<\/div>\n\t\t\t\t<div class=\"elementor-element elementor-element-afe1cde elementor-widget elementor-widget-text-editor\" data-id=\"afe1cde\" data-element_type=\"widget\" data-widget_type=\"text-editor.default\">\n\t\t\t\t\t\t\t\t\t<p>Na abertura de uma empresa o planejamento correto desde do princ\u00edpio ser\u00e1 necess\u00e1rio para beneficiar o neg\u00f3cio, visando uma melhor movimenta\u00e7\u00e3o futura, escolher a natureza jur\u00eddica, o ramo e suas atividades relacionadas (<b>CNAE<\/b>), a viabilidade do nome e sua localiza\u00e7\u00e3o s\u00e3o fundamentais, tamb\u00e9m ser\u00e1 necess\u00e1rio elabora\u00e7\u00e3o de um contrato social, que ser\u00e1 posteriormente&nbsp; registrado, detalhando a constitui\u00e7\u00e3o e o estatuto da empresa quanto ao seu funcionamento e a gest\u00e3o do neg\u00f3cio.<\/p>\n<p><\/p>\t\t\t\t\t\t\t\t<\/div>\n\t\t\t\t<div class=\"elementor-element elementor-element-bb08851 elementor-align-center elementor-widget__width-initial elementor-widget elementor-widget-button\" data-id=\"bb08851\" data-element_type=\"widget\" data-widget_type=\"button.default\">\n\t\t\t\t\t\t\t\t\t\t<a class=\"elementor-button elementor-button-link elementor-size-sm\" href=\"https:\/\/glprimecost.com.br\/?page_id=81\" target=\"_blank\">\n\t\t\t\t\t\t<span class=\"elementor-button-content-wrapper\">\n\t\t\t\t\t\t\t\t\t<span class=\"elementor-button-text\">Saiba mais<\/span>\n\t\t\t\t\t<\/span>\n\t\t\t\t\t<\/a>\n\t\t\t\t\t\t\t\t<\/div>\n\t\t\t\t<\/div>\n\t\t\t\t\t<\/div>\n\t\t\t\t<\/div>\n\t\t<div class=\"elementor-element elementor-element-cdba40a e-flex e-con-boxed e-con e-parent\" data-id=\"cdba40a\" data-element_type=\"container\" data-settings=\"{&quot;background_background&quot;:&quot;gradient&quot;}\">\n\t\t\t\t\t<div class=\"e-con-inner\">\n\t\t<div class=\"elementor-element elementor-element-85b2d8a e-con-full e-flex e-con e-child\" data-id=\"85b2d8a\" data-element_type=\"container\">\n\t\t\t\t<div class=\"elementor-element elementor-element-4101521 elementor-widget elementor-widget-image\" data-id=\"4101521\" data-element_type=\"widget\" data-widget_type=\"image.default\">\n\t\t\t\t\t\t\t\t\t\t\t\t\t\t\t<img decoding=\"async\" width=\"300\" height=\"300\" src=\"https:\/\/glprimecost.com.br\/wp-content\/uploads\/2025\/10\/Emissao-de-NF-300x300.png\" class=\"attachment-medium size-medium wp-image-539\" alt=\"\" srcset=\"https:\/\/glprimecost.com.br\/wp-content\/uploads\/2025\/10\/Emissao-de-NF-300x300.png 300w, https:\/\/glprimecost.com.br\/wp-content\/uploads\/2025\/10\/Emissao-de-NF-150x150.png 150w, https:\/\/glprimecost.com.br\/wp-content\/uploads\/2025\/10\/Emissao-de-NF-768x768.png 768w, https:\/\/glprimecost.com.br\/wp-content\/uploads\/2025\/10\/Emissao-de-NF-600x600.png 600w, https:\/\/glprimecost.com.br\/wp-content\/uploads\/2025\/10\/Emissao-de-NF-100x100.png 100w, https:\/\/glprimecost.com.br\/wp-content\/uploads\/2025\/10\/Emissao-de-NF.png 1024w\" sizes=\"(max-width: 300px) 100vw, 300px\" \/>\t\t\t\t\t\t\t\t\t\t\t\t\t\t\t<\/div>\n\t\t\t\t<\/div>\n\t\t<div class=\"elementor-element elementor-element-2733ffc e-con-full e-flex e-con e-child\" data-id=\"2733ffc\" data-element_type=\"container\" data-settings=\"{&quot;background_background&quot;:&quot;gradient&quot;}\">\n\t\t\t\t<div class=\"elementor-element elementor-element-d48cf4d elementor-widget elementor-widget-heading\" data-id=\"d48cf4d\" data-element_type=\"widget\" data-widget_type=\"heading.default\">\n\t\t\t\t\t<h5 class=\"elementor-heading-title elementor-size-default\">EMISSOR DE NOTAS FISCAIS<\/h5>\t\t\t\t<\/div>\n\t\t\t\t<div class=\"elementor-element elementor-element-18e99cf elementor-widget elementor-widget-text-editor\" data-id=\"18e99cf\" data-element_type=\"widget\" data-widget_type=\"text-editor.default\">\n\t\t\t\t\t\t\t\t\t<p>Na abertura de uma empresa o planejamento correto desde do princ\u00edpio ser\u00e1 necess\u00e1rio para beneficiar o neg\u00f3cio, visando uma melhor movimenta\u00e7\u00e3o futura, escolher a natureza jur\u00eddica, o ramo e suas atividades relacionadas (<b>CNAE<\/b>), a viabilidade do nome e sua localiza\u00e7\u00e3o s\u00e3o fundamentais, tamb\u00e9m ser\u00e1 necess\u00e1rio elabora\u00e7\u00e3o de um contrato social, que ser\u00e1 posteriormente\u00a0 registrado, detalhando a constitui\u00e7\u00e3o e o estatuto da empresa quanto ao seu funcionamento e a gest\u00e3o do neg\u00f3cio.<\/p>\t\t\t\t\t\t\t\t<\/div>\n\t\t\t\t<div class=\"elementor-element elementor-element-4cff94d elementor-align-center elementor-widget__width-initial elementor-widget elementor-widget-button\" data-id=\"4cff94d\" data-element_type=\"widget\" data-widget_type=\"button.default\">\n\t\t\t\t\t\t\t\t\t\t<a class=\"elementor-button elementor-button-link elementor-size-sm\" href=\"https:\/\/glprimecost.com.br\/?page_id=87\" target=\"_blank\">\n\t\t\t\t\t\t<span class=\"elementor-button-content-wrapper\">\n\t\t\t\t\t\t\t\t\t<span class=\"elementor-button-text\">Saiba mais<\/span>\n\t\t\t\t\t<\/span>\n\t\t\t\t\t<\/a>\n\t\t\t\t\t\t\t\t<\/div>\n\t\t\t\t<\/div>\n\t\t\t\t\t<\/div>\n\t\t\t\t<\/div>\n\t\t<div class=\"elementor-element elementor-element-d5f797a e-flex e-con-boxed e-con e-parent\" data-id=\"d5f797a\" data-element_type=\"container\" data-settings=\"{&quot;background_background&quot;:&quot;gradient&quot;}\">\n\t\t\t\t\t<div class=\"e-con-inner\">\n\t\t<div class=\"elementor-element elementor-element-d68efc5 e-con-full e-flex e-con e-child\" data-id=\"d68efc5\" data-element_type=\"container\">\n\t\t\t\t<div class=\"elementor-element elementor-element-ac41895 elementor-widget elementor-widget-image\" data-id=\"ac41895\" data-element_type=\"widget\" data-widget_type=\"image.default\">\n\t\t\t\t\t\t\t\t\t\t\t\t\t\t\t<img loading=\"lazy\" decoding=\"async\" width=\"300\" height=\"300\" src=\"https:\/\/glprimecost.com.br\/wp-content\/uploads\/2025\/10\/MEI-300x300.png\" class=\"attachment-medium size-medium wp-image-540\" alt=\"\" srcset=\"https:\/\/glprimecost.com.br\/wp-content\/uploads\/2025\/10\/MEI-300x300.png 300w, https:\/\/glprimecost.com.br\/wp-content\/uploads\/2025\/10\/MEI-150x150.png 150w, https:\/\/glprimecost.com.br\/wp-content\/uploads\/2025\/10\/MEI-768x768.png 768w, https:\/\/glprimecost.com.br\/wp-content\/uploads\/2025\/10\/MEI-600x600.png 600w, https:\/\/glprimecost.com.br\/wp-content\/uploads\/2025\/10\/MEI-100x100.png 100w, https:\/\/glprimecost.com.br\/wp-content\/uploads\/2025\/10\/MEI.png 1024w\" sizes=\"(max-width: 300px) 100vw, 300px\" \/>\t\t\t\t\t\t\t\t\t\t\t\t\t\t\t<\/div>\n\t\t\t\t<\/div>\n\t\t<div class=\"elementor-element elementor-element-dad4334 e-con-full e-flex e-con e-child\" data-id=\"dad4334\" data-element_type=\"container\" data-settings=\"{&quot;background_background&quot;:&quot;gradient&quot;}\">\n\t\t\t\t<div class=\"elementor-element elementor-element-b4373d6 elementor-widget elementor-widget-heading\" data-id=\"b4373d6\" data-element_type=\"widget\" data-widget_type=\"heading.default\">\n\t\t\t\t\t<h5 class=\"elementor-heading-title elementor-size-default\">MEI<\/h5>\t\t\t\t<\/div>\n\t\t\t\t<div class=\"elementor-element elementor-element-8c720c2 elementor-widget elementor-widget-text-editor\" data-id=\"8c720c2\" data-element_type=\"widget\" data-widget_type=\"text-editor.default\">\n\t\t\t\t\t\t\t\t\t<p>\u00c9 um modelo empresarial simplificado e um tipo de CNPJ criado pelo governo federal no Brasil para facilitar a formaliza\u00e7\u00e3o de trabalhadores aut\u00f4nomos e pequenos empreendedores. Formaliza\u00e7\u00e3o simples, permite que o aut\u00f4nomo tenha um Cadastro Nacional de Pessoa Jur\u00eddica (CNPJ) de forma r\u00e1pida, gratuita e com pouca burocracia, na GL Prime Cost proporcionamos as informa\u00e7\u00f5es e sugest\u00f5es para seu crescimento futuro.<\/p>\t\t\t\t\t\t\t\t<\/div>\n\t\t\t\t<div class=\"elementor-element elementor-element-09439c9 elementor-align-center elementor-widget__width-initial elementor-widget elementor-widget-button\" data-id=\"09439c9\" data-element_type=\"widget\" data-widget_type=\"button.default\">\n\t\t\t\t\t\t\t\t\t\t<a class=\"elementor-button elementor-button-link elementor-size-sm\" href=\"https:\/\/glprimecost.com.br\/?page_id=83\">\n\t\t\t\t\t\t<span class=\"elementor-button-content-wrapper\">\n\t\t\t\t\t\t\t\t\t<span class=\"elementor-button-text\">Saiba mais<\/span>\n\t\t\t\t\t<\/span>\n\t\t\t\t\t<\/a>\n\t\t\t\t\t\t\t\t<\/div>\n\t\t\t\t<\/div>\n\t\t\t\t\t<\/div>\n\t\t\t\t<\/div>\n\t\t<div class=\"elementor-element elementor-element-21d6808 e-flex e-con-boxed e-con e-parent\" data-id=\"21d6808\" data-element_type=\"container\" data-settings=\"{&quot;background_background&quot;:&quot;gradient&quot;}\">\n\t\t\t\t\t<div class=\"e-con-inner\">\n\t\t<div class=\"elementor-element elementor-element-fcbeab3 e-con-full e-flex e-con e-child\" data-id=\"fcbeab3\" data-element_type=\"container\">\n\t\t\t\t<div class=\"elementor-element elementor-element-c8ea462 elementor-widget elementor-widget-image\" data-id=\"c8ea462\" data-element_type=\"widget\" data-widget_type=\"image.default\">\n\t\t\t\t\t\t\t\t\t\t\t\t\t\t\t<img loading=\"lazy\" decoding=\"async\" width=\"300\" height=\"300\" src=\"https:\/\/glprimecost.com.br\/wp-content\/uploads\/2025\/10\/IR-300x300.png\" class=\"attachment-medium size-medium wp-image-544\" alt=\"\" srcset=\"https:\/\/glprimecost.com.br\/wp-content\/uploads\/2025\/10\/IR-300x300.png 300w, https:\/\/glprimecost.com.br\/wp-content\/uploads\/2025\/10\/IR-150x150.png 150w, https:\/\/glprimecost.com.br\/wp-content\/uploads\/2025\/10\/IR-768x768.png 768w, https:\/\/glprimecost.com.br\/wp-content\/uploads\/2025\/10\/IR-600x600.png 600w, https:\/\/glprimecost.com.br\/wp-content\/uploads\/2025\/10\/IR-100x100.png 100w, https:\/\/glprimecost.com.br\/wp-content\/uploads\/2025\/10\/IR.png 1024w\" sizes=\"(max-width: 300px) 100vw, 300px\" \/>\t\t\t\t\t\t\t\t\t\t\t\t\t\t\t<\/div>\n\t\t\t\t<\/div>\n\t\t<div class=\"elementor-element elementor-element-b25a650 e-con-full e-flex e-con e-child\" data-id=\"b25a650\" data-element_type=\"container\" data-settings=\"{&quot;background_background&quot;:&quot;gradient&quot;}\">\n\t\t\t\t<div class=\"elementor-element elementor-element-773238c elementor-widget elementor-widget-heading\" data-id=\"773238c\" data-element_type=\"widget\" data-widget_type=\"heading.default\">\n\t\t\t\t\t<h5 class=\"elementor-heading-title elementor-size-default\">IMPOSTO DE RENDA<\/h5>\t\t\t\t<\/div>\n\t\t\t\t<div class=\"elementor-element elementor-element-1dc6a69 elementor-widget elementor-widget-text-editor\" data-id=\"1dc6a69\" data-element_type=\"widget\" data-widget_type=\"text-editor.default\">\n\t\t\t\t\t\t\t\t\t<ol start=\"1\">\n<li>\n<p><b>Rendimentos Tribut\u00e1veis:<\/b> Receber rendimentos tribut\u00e1veis (como sal\u00e1rio, aposentadoria, alugu\u00e9is) acima do limite estabelecido pela Receita Federal para o ano-calend\u00e1rio.<\/p><\/li><li><p><b style=\"background-color: transparent;\">Rendimentos Isentos e N\u00e3o Tribut\u00e1veis:<\/b><span style=\"background-color: transparent;\"> Receber rendimentos isentos, n\u00e3o tribut\u00e1veis ou tributados exclusivamente na fonte acima do limite.<\/span><\/p><\/li>\n<li>\n<p><b>Bens e Direitos:<\/b> Ter a posse ou a propriedade de bens ou direitos (como im\u00f3veis, ve\u00edculos, contas banc\u00e1rias) de valor total superior a um limite espec\u00edfico.<\/p>\n<\/li>\n<li>\n<p><b>Atividade Rural:<\/b> Obter receita bruta anual com atividade rural acima do limite.<\/p>\n<\/li>\n<li>\n<p><b>Ganhos de Capital:<\/b> Ter tido ganho de capital na venda de bens ou direitos sujeitos \u00e0 incid\u00eancia do imposto, ou realizar opera\u00e7\u00f5es em bolsas de valores, de mercadorias, de futuros e assemelhadas.<\/p>\n<\/li>\n<\/ol>\t\t\t\t\t\t\t\t<\/div>\n\t\t\t\t<div class=\"elementor-element elementor-element-b4c1fcb elementor-align-center elementor-widget__width-initial elementor-widget elementor-widget-button\" data-id=\"b4c1fcb\" data-element_type=\"widget\" data-widget_type=\"button.default\">\n\t\t\t\t\t\t\t\t\t\t<a class=\"elementor-button elementor-button-link elementor-size-sm\" href=\"https:\/\/glprimecost.com.br\/?page_id=89\" target=\"_blank\">\n\t\t\t\t\t\t<span class=\"elementor-button-content-wrapper\">\n\t\t\t\t\t\t\t\t\t<span class=\"elementor-button-text\">Saiba mais<\/span>\n\t\t\t\t\t<\/span>\n\t\t\t\t\t<\/a>\n\t\t\t\t\t\t\t\t<\/div>\n\t\t\t\t<\/div>\n\t\t\t\t\t<\/div>\n\t\t\t\t<\/div>\n\t\t\t\t<\/div>\n\t\t","protected":false},"excerpt":{"rendered":"<p>SERVI\u00c7OS GL PRIME COST Na GL Prime Cost, assessoria cont\u00e1bil traz a inova\u00e7\u00e3o com tecnologia com sua equipe sempre pronta para sua gest\u00e3o financeira, A sua contabilidade do futuro, hoje para voc\u00ea! ABERTURA DE EMPRESA Na abertura de uma empresa o planejamento correto desde do princ\u00edpio ser\u00e1 necess\u00e1rio para beneficiar o neg\u00f3cio, visando uma melhor [&hellip;]<\/p>\n","protected":false},"author":1,"featured_media":0,"parent":0,"menu_order":0,"comment_status":"closed","ping_status":"closed","template":"elementor_header_footer","meta":{"footnotes":""},"class_list":["post-43","page","type-page","status-publish","hentry"],"_links":{"self":[{"href":"https:\/\/glprimecost.com.br\/index.php?rest_route=\/wp\/v2\/pages\/43","targetHints":{"allow":["GET"]}}],"collection":[{"href":"https:\/\/glprimecost.com.br\/index.php?rest_route=\/wp\/v2\/pages"}],"about":[{"href":"https:\/\/glprimecost.com.br\/index.php?rest_route=\/wp\/v2\/types\/page"}],"author":[{"embeddable":true,"href":"https:\/\/glprimecost.com.br\/index.php?rest_route=\/wp\/v2\/users\/1"}],"replies":[{"embeddable":true,"href":"https:\/\/glprimecost.com.br\/index.php?rest_route=%2Fwp%2Fv2%2Fcomments&post=43"}],"version-history":[{"count":16,"href":"https:\/\/glprimecost.com.br\/index.php?rest_route=\/wp\/v2\/pages\/43\/revisions"}],"predecessor-version":[{"id":555,"href":"https:\/\/glprimecost.com.br\/index.php?rest_route=\/wp\/v2\/pages\/43\/revisions\/555"}],"wp:attachment":[{"href":"https:\/\/glprimecost.com.br\/index.php?rest_route=%2Fwp%2Fv2%2Fmedia&parent=43"}],"curies":[{"name":"wp","href":"https:\/\/api.w.org\/{rel}","templated":true}]}}